{"id":37,"date":"2022-12-03T16:23:51","date_gmt":"2022-12-03T11:23:51","guid":{"rendered":"http:\/\/filosofiacefta.com\/portal\/home\/"},"modified":"2024-01-25T03:19:18","modified_gmt":"2024-01-24T22:19:18","slug":"home","status":"publish","type":"page","link":"https:\/\/filosofiacefta.com\/portal\/","title":{"rendered":"Inicio"},"content":{"rendered":"\n\n\n\n<h2>Bienvenidos<br><\/h2>\n<p style=\"text-align: center;\">Al portal del Centro de Estudios Filos\u00f3ficos Tom\u00e1s de Aquino, espacio digital para conocer la oferta acad\u00e9mia e informaci\u00f3n importante de nuestro instituto<br><\/p>\n\n\n\n\n\n\n\n\n<p><span><span style=\"color:#bbbbbb;\">El Cefta contribuye al crecimiento personal y profesional en cada uno de los egresados con distintas opciones de titulaci\u00f2n<\/span><br><\/span><\/p>\n\n\n\n\n\n\n\n\n\n\n\n\n\n\n\n\n\n\n\n\n\n\n\n\n\n<h2>#Somos CEFTA<\/h2>\n<h4 style=\"text-align: center;\"><span style=\"color:#ffffff;\">Licenciatura en Filosof\u00eda<\/span><br><\/h4>\n\n\n\n\n<h2>Servicios<\/h2>\n<p>Los principales servicios que se ofrecen en nuestro centro de estudios:<br><\/p>\n\n\n\n\nCon m\u00e1s de 25 a\u00f1os de experiencia el CEFTA se consolida&nbsp; con un programa \u00fanico en la regi\u00f3n con un enfoque pr\u00e1ctico para la soluci\u00f3n a problemas sociales <br>\n\n\n<span>En nuestros <em>diplomados y talleres&nbsp;<\/em> se lleva a cabo un ejercicio de pensamiento pr\u00e1ctico y colectivo<\/span>\n\n\n<p>Docentes con experiencia internacional y universidades de prestigio nacional<br><\/p>\n\n\n\n\n<h2>Testimonios<\/h2>\n\n\n<h3 style=\"font-size: 25px\">Maestro Gustavo S\u00e1mano<br><\/h3><p style=\"margin-top:10px;margin-bottom:10px\"><span style=\"font-size: 16px\"><strong>Docente del CEFTA<br><\/strong><\/span><\/p><p><span style=\"font-size: 16px\">El CEFTA se distingue por ser una instituci\u00f3n que fomenta el conocimiento y donde se puede compartir con personas de varias profesiones, edades y creencias<\/span><span style=\"font-size: 18px\"><\/span><span style=\"font-size: large\"><\/span><\/p>\n\n\n<h3 style=\"font-size: 25px\">Gina Alvarez <br><\/h3><p style=\"margin-top:10px;margin-bottom:10px\"><span style=\"font-size: 16px\"><strong>Egresada Gen. 2019-2022<\/strong><\/span><\/p><p><span style=\"font-size: 16px\">Lo que m\u00e1s me gusto del CEFTA es el compa\u00f1erismo y el trato de los maestros<\/span><span style=\"font-size: 18px\"><\/span><span style=\"font-size: large\"><\/span><\/p>\n\n\n<h3 style=\"font-size: 25px\">Gabriel Cacho<br><\/h3><p style=\"margin-top:10px;margin-bottom:10px\"><span style=\"font-size: 16px\"><strong>Egresado Gen. 2019-2022<\/strong><\/span><\/p><p><span style=\"font-size: 16px\">Toda la exigencia y vivencia en el CEFTA me har\u00e1 recordar que hay que hacer las cosas con cierto nivel de calidad.<\/span><span style=\"font-size: 18px\"><\/span><span style=\"font-size: large\"><\/span><\/p>\n\n\n<h3 style=\"font-size: 25px\">Maestro Jorge Jacobo Arenas Rivera<br><\/h3><p style=\"margin-top:10px;margin-bottom:10px\"><span style=\"font-size: 16px\"><strong>Docente del CEFTA<\/strong><\/span><\/p><p><span style=\"font-size: 16px\">La filosof\u00eda es una disciplina para aquellos con un esp\u00edritu inquieto, quienes encontrar\u00e1n en el CEFTA la biblioteca filos\u00f3fica m\u00e1s completa de la regi\u00f3n de la regi\u00f3n del baj\u00edo. <\/span><span style=\"font-size: 18px\"><\/span><span style=\"font-size: large\"><\/span><\/p>\n\n\n\n\n\n\n\n\n","protected":false},"excerpt":{"rendered":"","protected":false},"author":1,"featured_media":0,"parent":0,"menu_order":0,"comment_status":"closed","ping_status":"closed","template":"","meta":{"footnotes":""},"class_list":["post-37","page","type-page","status-publish","hentry"],"_links":{"self":[{"href":"https:\/\/filosofiacefta.com\/portal\/wp-json\/wp\/v2\/pages\/37","targetHints":{"allow":["GET"]}}],"collection":[{"href":"https:\/\/filosofiacefta.com\/portal\/wp-json\/wp\/v2\/pages"}],"about":[{"href":"https:\/\/filosofiacefta.com\/portal\/wp-json\/wp\/v2\/types\/page"}],"author":[{"embeddable":true,"href":"https:\/\/filosofiacefta.com\/portal\/wp-json\/wp\/v2\/users\/1"}],"replies":[{"embeddable":true,"href":"https:\/\/filosofiacefta.com\/portal\/wp-json\/wp\/v2\/comments?post=37"}],"version-history":[{"count":11,"href":"https:\/\/filosofiacefta.com\/portal\/wp-json\/wp\/v2\/pages\/37\/revisions"}],"predecessor-version":[{"id":111,"href":"https:\/\/filosofiacefta.com\/portal\/wp-json\/wp\/v2\/pages\/37\/revisions\/111"}],"wp:attachment":[{"href":"https:\/\/filosofiacefta.com\/portal\/wp-json\/wp\/v2\/media?parent=37"}],"curies":[{"name":"wp","href":"https:\/\/api.w.org\/{rel}","templated":true}]}}